{"id":386,"date":"2025-06-13T15:47:46","date_gmt":"2025-06-13T13:47:46","guid":{"rendered":"https:\/\/moldesdeinyecciondeplastico.com\/contact\/"},"modified":"2025-07-02T10:04:49","modified_gmt":"2025-07-02T08:04:49","slug":"contact","status":"publish","type":"page","link":"https:\/\/moldesdeinyecciondeplastico.com\/en\/contact\/","title":{"rendered":"Contact"},"content":{"rendered":"\n<div class=\"wp-block-cover has-parallax\" style=\"min-height:80vh;aspect-ratio:unset;\"><div class=\"wp-block-cover__image-background wp-image-106 size-large has-parallax\" style=\"background-position:50% 50%;background-image:url(https:\/\/moldesdeinyecciondeplastico.com\/wp-content\/uploads\/contact-1024x427.jpg)\"><\/div><span aria-hidden=\"true\" class=\"wp-block-cover__background has-background-dim-0 has-background-dim\" style=\"background-color:#616161\"><\/span><div class=\"wp-block-cover__inner-container is-layout-constrained wp-block-cover-is-layout-constrained\">\n<p class=\"has-text-align-center has-large-font-size\"><\/p>\n<\/div><\/div>\n\n<div class=\"wp-block-group info\"><div class=\"wp-block-group__inner-container is-layout-constrained wp-block-group-is-layout-constrained\">\n<h1 class=\"wp-block-heading\">Contact<\/h1>\n\n\n\n<div style=\"height:100px\" aria-hidden=\"true\" class=\"wp-block-spacer\"><\/div>\n\n\n\n<div class=\"wp-block-columns is-layout-flex wp-container-core-columns-is-layout-9d6595d7 wp-block-columns-is-layout-flex\">\n<div class=\"wp-block-column is-layout-flow wp-block-column-is-layout-flow\">\n<div class=\"wp-block-contact-form-7-contact-form-selector\">\n<div class=\"wpcf7 no-js\" id=\"wpcf7-f408-o1\" lang=\"en-US\" dir=\"ltr\" data-wpcf7-id=\"408\">\n<div class=\"screen-reader-response\"><p role=\"status\" aria-live=\"polite\" aria-atomic=\"true\"><\/p> <ul><\/ul><\/div>\n<form action=\"\/en\/wp-json\/wp\/v2\/pages\/386#wpcf7-f408-o1\" method=\"post\" class=\"wpcf7-form init\" aria-label=\"Contact form\" novalidate=\"novalidate\" data-status=\"init\">\n<fieldset class=\"hidden-fields-container\"><input type=\"hidden\" name=\"_wpcf7\" value=\"408\" \/><input type=\"hidden\" name=\"_wpcf7_version\" value=\"6.1.5\" \/><input type=\"hidden\" name=\"_wpcf7_locale\" value=\"en_US\" \/><input type=\"hidden\" name=\"_wpcf7_unit_tag\" value=\"wpcf7-f408-o1\" \/><input type=\"hidden\" name=\"_wpcf7_container_post\" value=\"0\" \/><input type=\"hidden\" name=\"_wpcf7_posted_data_hash\" value=\"\" \/><input type=\"hidden\" name=\"_wpcf7_recaptcha_response\" value=\"\" \/>\n<\/fieldset>\n<p><span class=\"wpcf7-form-control-wrap\" data-name=\"your-name\"><input size=\"40\" maxlength=\"400\" class=\"wpcf7-form-control wpcf7-text wpcf7-validates-as-required\" autocomplete=\"name\" aria-required=\"true\" aria-invalid=\"false\" placeholder=\"Name\" value=\"\" type=\"text\" name=\"your-name\" \/><\/span><span class=\"wpcf7-form-control-wrap\" data-name=\"your-email\"><input size=\"40\" maxlength=\"400\" class=\"wpcf7-form-control wpcf7-email wpcf7-validates-as-required wpcf7-text wpcf7-validates-as-email\" autocomplete=\"email\" aria-required=\"true\" aria-invalid=\"false\" placeholder=\"Email\" value=\"\" type=\"email\" name=\"your-email\" \/><\/span><span class=\"wpcf7-form-control-wrap\" data-name=\"your-message\"><textarea cols=\"40\" rows=\"10\" maxlength=\"2000\" class=\"wpcf7-form-control wpcf7-textarea\" aria-invalid=\"false\" placeholder=\"Inquiry\" name=\"your-message\"><\/textarea><\/span><input class=\"wpcf7-form-control wpcf7-submit has-spinner\" type=\"submit\" value=\"Send\" \/><br \/>\n<span class=\"wpcf7-form-control-wrap\" data-name=\"acceptance-983\"><span class=\"wpcf7-form-control wpcf7-acceptance\"><span class=\"wpcf7-list-item\"><label><input type=\"checkbox\" name=\"acceptance-983\" value=\"1\" aria-invalid=\"false\" \/><span class=\"wpcf7-list-item-label\">Yes, I accept that in accordance with current data protection legislation, my data will be incorporated into a file under the responsibility of Rumvicc, S.L (Benet Cortada 32 Bajos Loc.A, 08173 St. Cugat del Vall\u00e8s) for the purpose of managing this request. Your data will not be transferred to third parties except in cases provided by law. For more information, you can refer to the legal notice on the website. Personal data will be kept until you request the right of deletion or the purpose for which the data was provided has been fulfilled, at which point it will be deleted. You can request access, rectification, deletion, opposition or portability and exercise the rest of your rights by contacting Rumvicc, S.L, providing your ID or passport, in person, by regular mail indicating \u201cRef. Data Protection\u201d; or by email to administraci\u00f3n@rumvicc.com. You can consult additional and detailed information on Data Protection in our policy<\/span><\/label><\/span><\/span><\/span>\n<\/p><p style=\"display: none !important;\" class=\"akismet-fields-container\" data-prefix=\"_wpcf7_ak_\"><label>&#916;<textarea name=\"_wpcf7_ak_hp_textarea\" cols=\"45\" rows=\"8\" maxlength=\"100\"><\/textarea><\/label><input type=\"hidden\" id=\"ak_js_1\" name=\"_wpcf7_ak_js\" value=\"249\"\/><script type=\"text\/javascript\">\n\/* <![CDATA[ *\/\ndocument.getElementById( \"ak_js_1\" ).setAttribute( \"value\", ( new Date() ).getTime() );\n\/* ]]> *\/\n<\/script>\n<\/p><div class=\"wpcf7-response-output\" aria-hidden=\"true\"><\/div>\n<\/form>\n<\/div>\n<\/div>\n<\/div>\n\n\n\n<div class=\"wp-block-column is-layout-flow wp-block-column-is-layout-flow\">\n<p>info@rumvicc.com<\/p>\n\n\n\n<p>Cam\u00ed de la Riera 28 Bis<br\/>Pol\u00edgono industrial Cova Solera<br\/>08191 Rub\u00ed<br\/>T. +34 932 529 901<br\/>M. +34 639 667 970<\/p>\n\n\n\n<p>Office hours<br\/>Monday to Thursday: 9:00 AM to 5:00 PM<br\/>Friday: 9:00 AM to 3:00 PM<\/p>\n<\/div>\n<\/div>\n<\/div><\/div>\n","protected":false},"excerpt":{"rendered":"<p>Contact info@rumvicc.com Cam\u00ed de la Riera 28 BisPol\u00edgono industrial Cova Solera08191 Rub\u00edT. +34 932 529 901M. +34 639 667 970 Office hoursMonday to Thursday: 9:00 AM to 5:00 PMFriday: 9:00 AM to 3:00 PM<\/p>\n","protected":false},"author":1,"featured_media":0,"parent":0,"menu_order":0,"comment_status":"closed","ping_status":"closed","template":"","meta":{"inline_featured_image":false,"footnotes":""},"class_list":["post-386","page","type-page","status-publish","hentry"],"_links":{"self":[{"href":"https:\/\/moldesdeinyecciondeplastico.com\/en\/wp-json\/wp\/v2\/pages\/386","targetHints":{"allow":["GET"]}}],"collection":[{"href":"https:\/\/moldesdeinyecciondeplastico.com\/en\/wp-json\/wp\/v2\/pages"}],"about":[{"href":"https:\/\/moldesdeinyecciondeplastico.com\/en\/wp-json\/wp\/v2\/types\/page"}],"author":[{"embeddable":true,"href":"https:\/\/moldesdeinyecciondeplastico.com\/en\/wp-json\/wp\/v2\/users\/1"}],"replies":[{"embeddable":true,"href":"https:\/\/moldesdeinyecciondeplastico.com\/en\/wp-json\/wp\/v2\/comments?post=386"}],"version-history":[{"count":2,"href":"https:\/\/moldesdeinyecciondeplastico.com\/en\/wp-json\/wp\/v2\/pages\/386\/revisions"}],"predecessor-version":[{"id":426,"href":"https:\/\/moldesdeinyecciondeplastico.com\/en\/wp-json\/wp\/v2\/pages\/386\/revisions\/426"}],"wp:attachment":[{"href":"https:\/\/moldesdeinyecciondeplastico.com\/en\/wp-json\/wp\/v2\/media?parent=386"}],"curies":[{"name":"wp","href":"https:\/\/api.w.org\/{rel}","templated":true}]}}