{"id":366,"date":"2025-06-13T15:47:35","date_gmt":"2025-06-13T13:47:35","guid":{"rendered":"https:\/\/moldesdeinyecciondeplastico.com\/clients\/"},"modified":"2025-07-02T09:54:32","modified_gmt":"2025-07-02T07:54:32","slug":"clients","status":"publish","type":"page","link":"https:\/\/moldesdeinyecciondeplastico.com\/fr\/clients\/","title":{"rendered":"Clients"},"content":{"rendered":"\n<div class=\"wp-block-cover has-parallax\" style=\"min-height:80vh;aspect-ratio:unset;\"><div class=\"wp-block-cover__image-background wp-image-149 size-large has-parallax\" style=\"background-position:50% 50%;background-image:url(https:\/\/moldesdeinyecciondeplastico.com\/wp-content\/uploads\/clientes-1024x431.jpg)\"><\/div><span aria-hidden=\"true\" class=\"wp-block-cover__background has-background-dim-0 has-background-dim\" style=\"background-color:#383b41\"><\/span><div class=\"wp-block-cover__inner-container is-layout-constrained wp-block-cover-is-layout-constrained\">\n<p class=\"has-text-align-center has-large-font-size\"><\/p>\n<\/div><\/div>\n\n<div class=\"wp-block-group info\"><div class=\"wp-block-group__inner-container is-layout-constrained wp-block-group-is-layout-constrained\">\n<h1 class=\"wp-block-heading\">Clients<\/h1>\n\n\n\n<p>Nous nous sommes adapt\u00e9s aux besoins de nos clients, qui ont \u00e9volu\u00e9 au cours des 50 derni\u00e8res ann\u00e9es.  <\/p>\n\n\n\n<p>Chaque client a ses propres besoins, c&rsquo;est pourquoi nous nous adaptons et collaborons pour les satisfaire. <\/p>\n\n\n\n<p>Nous n&rsquo;avons pas perdu notre signe distinctif, qui est la qualit\u00e9. Aujourd&rsquo;hui, nous avons des clients qui continuent \u00e0 travailler avec des moules vieux de plus de 20 ans.<\/p>\n\n\n\n<p><\/p>\n\n\n\n<div style=\"height:100px\" aria-hidden=\"true\" class=\"wp-block-spacer\"><\/div>\n\n\n\n<div class=\"wp-block-columns clientes aos-slide-up is-layout-flex wp-container-core-columns-is-layout-9d6595d7 wp-block-columns-is-layout-flex\">\n<div class=\"wp-block-column is-layout-flow wp-block-column-is-layout-flow\">\n<figure class=\"wp-block-image size-large\"><img decoding=\"async\" src=\"https:\/\/moldesdeinyecciondeplastico.com\/wp-content\/uploads\/logo16.svg\" alt=\"\" class=\"wp-image-51\"\/><\/figure>\n<\/div>\n\n\n\n<div class=\"wp-block-column is-layout-flow wp-block-column-is-layout-flow\">\n<figure class=\"wp-block-image size-large\"><img decoding=\"async\" src=\"https:\/\/moldesdeinyecciondeplastico.com\/wp-content\/uploads\/logo15.svg\" alt=\"\" class=\"wp-image-50\"\/><\/figure>\n<\/div>\n\n\n\n<div class=\"wp-block-column is-layout-flow wp-block-column-is-layout-flow\">\n<figure class=\"wp-block-image size-large\"><img decoding=\"async\" src=\"https:\/\/moldesdeinyecciondeplastico.com\/wp-content\/uploads\/logo14.svg\" alt=\"\" class=\"wp-image-49\"\/><\/figure>\n<\/div>\n\n\n\n<div class=\"wp-block-column is-layout-flow wp-block-column-is-layout-flow\">\n<figure class=\"wp-block-image size-large\"><img decoding=\"async\" src=\"https:\/\/moldesdeinyecciondeplastico.com\/wp-content\/uploads\/logo12.svg\" alt=\"\" class=\"wp-image-47\"\/><\/figure>\n<\/div>\n<\/div>\n\n\n\n<div class=\"wp-block-columns clientes aos-slide-up is-layout-flex wp-container-core-columns-is-layout-9d6595d7 wp-block-columns-is-layout-flex\">\n<div class=\"wp-block-column is-layout-flow wp-block-column-is-layout-flow\">\n<figure class=\"wp-block-image size-large\"><img decoding=\"async\" src=\"https:\/\/moldesdeinyecciondeplastico.com\/wp-content\/uploads\/logo13.svg\" alt=\"\" class=\"wp-image-48\"\/><\/figure>\n<\/div>\n\n\n\n<div class=\"wp-block-column is-layout-flow wp-block-column-is-layout-flow\">\n<figure class=\"wp-block-image size-large\"><img decoding=\"async\" src=\"https:\/\/moldesdeinyecciondeplastico.com\/wp-content\/uploads\/logo11.svg\" alt=\"\" class=\"wp-image-46\"\/><\/figure>\n<\/div>\n\n\n\n<div class=\"wp-block-column is-layout-flow wp-block-column-is-layout-flow\">\n<figure class=\"wp-block-image size-large\"><img decoding=\"async\" src=\"https:\/\/moldesdeinyecciondeplastico.com\/wp-content\/uploads\/logo10.svg\" alt=\"\" class=\"wp-image-45\"\/><\/figure>\n<\/div>\n\n\n\n<div class=\"wp-block-column is-layout-flow wp-block-column-is-layout-flow\">\n<figure class=\"wp-block-image size-large\"><img decoding=\"async\" src=\"https:\/\/moldesdeinyecciondeplastico.com\/wp-content\/uploads\/logo9.svg\" alt=\"\" class=\"wp-image-44\"\/><\/figure>\n<\/div>\n<\/div>\n\n\n\n<div class=\"wp-block-columns clientes aos-slide-up is-layout-flex wp-container-core-columns-is-layout-9d6595d7 wp-block-columns-is-layout-flex\">\n<div class=\"wp-block-column is-layout-flow wp-block-column-is-layout-flow\">\n<figure class=\"wp-block-image size-large\"><img decoding=\"async\" src=\"https:\/\/moldesdeinyecciondeplastico.com\/wp-content\/uploads\/logo8.svg\" alt=\"\" class=\"wp-image-43\"\/><\/figure>\n<\/div>\n\n\n\n<div class=\"wp-block-column is-layout-flow wp-block-column-is-layout-flow\">\n<figure class=\"wp-block-image size-large\"><img decoding=\"async\" src=\"https:\/\/moldesdeinyecciondeplastico.com\/wp-content\/uploads\/logo7.svg\" alt=\"\" class=\"wp-image-42\"\/><\/figure>\n<\/div>\n\n\n\n<div class=\"wp-block-column is-layout-flow wp-block-column-is-layout-flow\">\n<figure class=\"wp-block-image size-large\"><img decoding=\"async\" src=\"https:\/\/moldesdeinyecciondeplastico.com\/wp-content\/uploads\/logo5.svg\" alt=\"\" class=\"wp-image-40\"\/><\/figure>\n<\/div>\n\n\n\n<div class=\"wp-block-column is-layout-flow wp-block-column-is-layout-flow\">\n<figure class=\"wp-block-image size-large\"><img decoding=\"async\" src=\"https:\/\/moldesdeinyecciondeplastico.com\/wp-content\/uploads\/logo6.svg\" alt=\"\" class=\"wp-image-41\"\/><\/figure>\n<\/div>\n<\/div>\n\n\n\n<div class=\"wp-block-columns clientes aos-slide-up is-layout-flex wp-container-core-columns-is-layout-9d6595d7 wp-block-columns-is-layout-flex\">\n<div class=\"wp-block-column is-layout-flow wp-block-column-is-layout-flow\">\n<figure class=\"wp-block-image size-large\"><img decoding=\"async\" src=\"https:\/\/moldesdeinyecciondeplastico.com\/wp-content\/uploads\/logo4.svg\" alt=\"\" class=\"wp-image-39\"\/><\/figure>\n<\/div>\n\n\n\n<div class=\"wp-block-column is-layout-flow wp-block-column-is-layout-flow\">\n<figure class=\"wp-block-image size-large\"><img decoding=\"async\" src=\"https:\/\/moldesdeinyecciondeplastico.com\/wp-content\/uploads\/logo2.svg\" alt=\"\" class=\"wp-image-37\"\/><\/figure>\n<\/div>\n\n\n\n<div class=\"wp-block-column is-layout-flow wp-block-column-is-layout-flow\">\n<figure class=\"wp-block-image size-large\"><img decoding=\"async\" src=\"https:\/\/moldesdeinyecciondeplastico.com\/wp-content\/uploads\/logo3.svg\" alt=\"\" class=\"wp-image-38\"\/><\/figure>\n<\/div>\n\n\n\n<div class=\"wp-block-column is-layout-flow wp-block-column-is-layout-flow\">\n<figure class=\"wp-block-image size-large\"><img decoding=\"async\" src=\"https:\/\/moldesdeinyecciondeplastico.com\/wp-content\/uploads\/logo1.svg\" alt=\"\" class=\"wp-image-36\"\/><\/figure>\n<\/div>\n<\/div>\n\n\n\n<div style=\"height:100px\" aria-hidden=\"true\" class=\"wp-block-spacer\"><\/div>\n\n\n<div class=\"wp-block-image\">\n<figure class=\"aligncenter size-large is-resized\"><img decoding=\"async\" src=\"https:\/\/moldesdeinyecciondeplastico.com\/wp-content\/uploads\/comillas.svg\" alt=\"\" class=\"wp-image-154\" style=\"width:150px\"\/><\/figure>\n<\/div>\n\n\n<div style=\"height:80px\" aria-hidden=\"true\" class=\"wp-block-spacer\"><\/div>\n\n\n\n<div class=\"wp-block-cb-carousel-v2 cb-carousel-block cb-single-slide testimonis\" data-cb-slides-per-view=\"1\" data-cb-slides-per-group=\"1\" data-cb-space-between=\"0\" data-cb-speed=\"300\" data-cb-navigation=\"true\" data-cb-loop=\"true\" data-cb-breakpoints=\"{&quot;768&quot;:{&quot;slidesPerView&quot;:1,&quot;slidesPerGroup&quot;:1}}\"><div class=\"swiper\"><div class=\"cb-wrapper swiper-wrapper\">\n<div class=\"wp-block-cb-slide-v2 cb-slide swiper-slide\">\n<p>\u00ab Les choses bien faites, bien paraissent. \u00bb<\/p>\n<\/div>\n\n\n\n<div class=\"wp-block-cb-slide-v2 cb-slide swiper-slide\">\n<p>\u00ab Lorem ipsum dolor sit amet, consectetuer adipiscing elit, sed diam nonummy \u00bb.<\/p>\n<\/div>\n\n\n\n<div class=\"wp-block-cb-slide-v2 cb-slide swiper-slide\">\n<p>\u00ab Lorem ipsum dolor sit amet, consectetuer adipiscing elit, sed diam nonummy \u00bb.<\/p>\n<\/div>\n<\/div><\/div><div class=\"cb-button-prev swiper-button-prev\"><\/div><div class=\"cb-button-next swiper-button-next\"><\/div><\/div>\n\n\n\n<div style=\"height:100px\" aria-hidden=\"true\" class=\"wp-block-spacer\"><\/div>\n<\/div><\/div>\n","protected":false},"excerpt":{"rendered":"<p>Clients Nous nous sommes adapt\u00e9s aux besoins de nos clients, qui ont \u00e9volu\u00e9 au cours des 50 derni\u00e8res ann\u00e9es. Chaque client a ses propres besoins, c&rsquo;est pourquoi nous nous adaptons et collaborons pour les satisfaire. Nous n&rsquo;avons pas perdu notre signe distinctif, qui est la qualit\u00e9. Aujourd&rsquo;hui, nous avons des clients qui continuent \u00e0 travailler [&hellip;]<\/p>\n","protected":false},"author":1,"featured_media":0,"parent":0,"menu_order":0,"comment_status":"closed","ping_status":"closed","template":"","meta":{"inline_featured_image":false,"footnotes":""},"class_list":["post-366","page","type-page","status-publish","hentry"],"_links":{"self":[{"href":"https:\/\/moldesdeinyecciondeplastico.com\/fr\/wp-json\/wp\/v2\/pages\/366","targetHints":{"allow":["GET"]}}],"collection":[{"href":"https:\/\/moldesdeinyecciondeplastico.com\/fr\/wp-json\/wp\/v2\/pages"}],"about":[{"href":"https:\/\/moldesdeinyecciondeplastico.com\/fr\/wp-json\/wp\/v2\/types\/page"}],"author":[{"embeddable":true,"href":"https:\/\/moldesdeinyecciondeplastico.com\/fr\/wp-json\/wp\/v2\/users\/1"}],"replies":[{"embeddable":true,"href":"https:\/\/moldesdeinyecciondeplastico.com\/fr\/wp-json\/wp\/v2\/comments?post=366"}],"version-history":[{"count":4,"href":"https:\/\/moldesdeinyecciondeplastico.com\/fr\/wp-json\/wp\/v2\/pages\/366\/revisions"}],"predecessor-version":[{"id":441,"href":"https:\/\/moldesdeinyecciondeplastico.com\/fr\/wp-json\/wp\/v2\/pages\/366\/revisions\/441"}],"wp:attachment":[{"href":"https:\/\/moldesdeinyecciondeplastico.com\/fr\/wp-json\/wp\/v2\/media?parent=366"}],"curies":[{"name":"wp","href":"https:\/\/api.w.org\/{rel}","templated":true}]}}