{"id":368,"date":"2025-06-17T11:45:16","date_gmt":"2025-06-17T09:45:16","guid":{"rendered":"https:\/\/moldesdeinyecciondeplastico.com\/pied-de-page\/"},"modified":"2025-07-01T12:10:16","modified_gmt":"2025-07-01T10:10:16","slug":"pied-de-page","status":"publish","type":"page","link":"https:\/\/moldesdeinyecciondeplastico.com\/fr\/pied-de-page\/","title":{"rendered":"pied de page"},"content":{"rendered":"\n<script src=\"https:\/\/static.elfsight.com\/platform\/platform.js\" async=\"\"><\/script>\n<div class=\"elfsight-app-b64e3015-c3d6-46d1-a805-a7275405017e socialsfeed\" data-elfsight-app-lazy=\"\"><\/div>\n\n<div class=\"wp-block-columns is-layout-flex wp-container-core-columns-is-layout-9d6595d7 wp-block-columns-is-layout-flex\">\n<div class=\"wp-block-column is-layout-flow wp-block-column-is-layout-flow\" style=\"flex-basis:20%\">\n<h3 class=\"wp-block-heading\">EXPLOREZ<\/h3>\n\n\n\n<p><a href=\"https:\/\/moldesdeinyecciondeplastico.com\/fr\/entreprise\/\">Entreprise<\/a><br\/><a href=\"https:\/\/moldesdeinyecciondeplastico.com\/fr\/projets\/\">Projets<\/a><br\/><a href=\"https:\/\/moldesdeinyecciondeplastico.com\/fr\/services\/\">Services<\/a><br\/><a href=\"https:\/\/moldesdeinyecciondeplastico.com\/fr\/clients\/\">Clients<\/a><br\/><a href=\"https:\/\/moldesdeinyecciondeplastico.com\/fr\/contact\/\">Contact<\/a><\/p>\n<\/div>\n\n\n\n<div class=\"wp-block-column is-layout-flow wp-block-column-is-layout-flow\" style=\"flex-basis:40%\">\n<h3 class=\"wp-block-heading\">LOCATION<\/h3>\n\n\n\n<p><a href=\"https:\/\/maps.app.goo.gl\/qQk9YSjxv1nhYppSA\" target=\"_blank\" rel=\"noreferrer noopener\">Cam\u00ed de la Riera 28 Bis<br\/>Pol\u00edgono industrial Cova Solera<br\/>08191 Rub\u00ed<\/a><\/p>\n<\/div>\n\n\n\n<div class=\"wp-block-column is-layout-flow wp-block-column-is-layout-flow\" style=\"flex-basis:40%\">\n<h3 class=\"wp-block-heading\">CONTACT<\/h3>\n\n\n\n<p>T. +<a href=\"tel:0034932529901\">34 932 529 901<\/a><br\/>M. <a href=\"tel:639667970\">639 667 970<\/a><br\/><a href=\"mailto:info@rumvicc.com\">info@rumvicc.com<\/a><\/p>\n\n\n\n<div style=\"height:20px\" aria-hidden=\"true\" class=\"wp-block-spacer\"><\/div>\n\n\n\n<p>Heures de bureau<br\/>Lundi \u00e0 jeudi : 9h00 \u00e0 17h00<br\/>Vendredi : 9h00 \u00e0 15h00<\/p>\n<\/div>\n\n\n\n<div class=\"wp-block-column is-layout-flow wp-block-column-is-layout-flow\" style=\"flex-basis:20%\">\n<h3 class=\"wp-block-heading\">R\u00c9SEAUX<\/h3>\n\n\n\n<figure class=\"wp-block-image size-large is-resized\"><img decoding=\"async\" src=\"https:\/\/moldesdeinyecciondeplastico.com\/wp-content\/uploads\/ig.svg\" alt=\"\" class=\"wp-image-124\" style=\"width:30px\"\/><\/figure>\n\n\n\n<div style=\"height:10px\" aria-hidden=\"true\" class=\"wp-block-spacer\"><\/div>\n\n\n\n<figure class=\"wp-block-image size-large is-resized\"><a href=\"https:\/\/es.linkedin.com\/company\/rumvicc-2009-sl\" target=\"_blank\" rel=\" noreferrer noopener\"><img decoding=\"async\" src=\"https:\/\/moldesdeinyecciondeplastico.com\/wp-content\/uploads\/ln.svg\" alt=\"\" class=\"wp-image-126\" style=\"width:30px\"\/><\/a><\/figure>\n<\/div>\n<\/div>\n\n<ul class=\"wp-block-list\">\n<li>2025 RUMVICC<\/li>\n\n\n\n<li><a href=\"https:\/\/moldesdeinyecciondeplastico.com\/fr\/politique-de-confidentialite\/\">Politique de confidentialit\u00e9<\/a><\/li>\n\n\n\n<li><a href=\"https:\/\/moldesdeinyecciondeplastico.com\/fr\/politique-en-matiere-de-cookies\/\">Politique en mati\u00e8re de cookies<\/a><\/li>\n<\/ul>\n","protected":false},"excerpt":{"rendered":"<p>EXPLOREZ EntrepriseProjetsServicesClientsContact LOCATION Cam\u00ed de la Riera 28 BisPol\u00edgono industrial Cova Solera08191 Rub\u00ed CONTACT T. +34 932 529 901M. 639 667 970info@rumvicc.com Heures de bureauLundi \u00e0 jeudi : 9h00 \u00e0 17h00Vendredi : 9h00 \u00e0 15h00 R\u00c9SEAUX<\/p>\n","protected":false},"author":1,"featured_media":0,"parent":0,"menu_order":0,"comment_status":"closed","ping_status":"closed","template":"","meta":{"inline_featured_image":false,"footnotes":""},"class_list":["post-368","page","type-page","status-publish","hentry"],"_links":{"self":[{"href":"https:\/\/moldesdeinyecciondeplastico.com\/fr\/wp-json\/wp\/v2\/pages\/368","targetHints":{"allow":["GET"]}}],"collection":[{"href":"https:\/\/moldesdeinyecciondeplastico.com\/fr\/wp-json\/wp\/v2\/pages"}],"about":[{"href":"https:\/\/moldesdeinyecciondeplastico.com\/fr\/wp-json\/wp\/v2\/types\/page"}],"author":[{"embeddable":true,"href":"https:\/\/moldesdeinyecciondeplastico.com\/fr\/wp-json\/wp\/v2\/users\/1"}],"replies":[{"embeddable":true,"href":"https:\/\/moldesdeinyecciondeplastico.com\/fr\/wp-json\/wp\/v2\/comments?post=368"}],"version-history":[{"count":5,"href":"https:\/\/moldesdeinyecciondeplastico.com\/fr\/wp-json\/wp\/v2\/pages\/368\/revisions"}],"predecessor-version":[{"id":421,"href":"https:\/\/moldesdeinyecciondeplastico.com\/fr\/wp-json\/wp\/v2\/pages\/368\/revisions\/421"}],"wp:attachment":[{"href":"https:\/\/moldesdeinyecciondeplastico.com\/fr\/wp-json\/wp\/v2\/media?parent=368"}],"curies":[{"name":"wp","href":"https:\/\/api.w.org\/{rel}","templated":true}]}}