{"id":370,"date":"2025-06-17T13:16:40","date_gmt":"2025-06-17T11:16:40","guid":{"rendered":"https:\/\/moldesdeinyecciondeplastico.com\/politique-en-matiere-de-cookies\/"},"modified":"2025-06-20T14:58:35","modified_gmt":"2025-06-20T12:58:35","slug":"politique-en-matiere-de-cookies","status":"publish","type":"page","link":"https:\/\/moldesdeinyecciondeplastico.com\/fr\/politique-en-matiere-de-cookies\/","title":{"rendered":"Politique en mati\u00e8re de cookies"},"content":{"rendered":"\n<div class=\"wp-block-cover is-light has-parallax\" style=\"min-height:50vh;aspect-ratio:unset;\"><div class=\"wp-block-cover__image-background wp-image-131 size-large has-parallax\" style=\"background-position:50% 50%;background-image:url(https:\/\/moldesdeinyecciondeplastico.com\/wp-content\/uploads\/empresa-1024x431.jpg)\"><\/div><span aria-hidden=\"true\" class=\"wp-block-cover__background has-background-dim-0 has-background-dim\" style=\"background-color:#99acc5\"><\/span><div class=\"wp-block-cover__inner-container is-layout-constrained wp-block-cover-is-layout-constrained\">\n<p class=\"has-text-align-center has-large-font-size\"><\/p>\n<\/div><\/div>\n\n<div class=\"wp-block-group info\"><div class=\"wp-block-group__inner-container is-layout-constrained wp-block-group-is-layout-constrained\">\n<h1 class=\"wp-block-heading\">Politique en mati\u00e8re de cookies<\/h1>\n\n\n\n<p><strong>Date d&rsquo;entr\u00e9e en vigueur : 28 mai 2025<\/strong><br\/><strong>Derni\u00e8re mise \u00e0 jour : 28 mai 2025<\/strong><\/p>\n\n\n\n<h3 class=\"wp-block-heading\">Qu&rsquo;est-ce qu&rsquo;un biscuit ?<\/h3>\n\n\n\n<p>La pr\u00e9sente politique en mati\u00e8re de cookies explique ce que sont les cookies et comment nous les utilisons, les types de cookies que nous utilisons, c&rsquo;est-\u00e0-dire les informations que nous collectons par le biais des cookies et la mani\u00e8re dont ces informations sont utilis\u00e9es, ainsi que la mani\u00e8re de g\u00e9rer vos param\u00e8tres en mati\u00e8re de cookies.<\/p>\n\n\n\n<p>Les cookies sont de petits fichiers texte utilis\u00e9s pour stocker de petites quantit\u00e9s d&rsquo;informations. Elles sont enregistr\u00e9es sur votre appareil lorsque le site web se charge dans votre navigateur. Ces cookies nous aident \u00e0 faire fonctionner le site web correctement, \u00e0 le rendre plus s\u00fbr, \u00e0 offrir une meilleure exp\u00e9rience \u00e0 l&rsquo;utilisateur, \u00e0 comprendre le fonctionnement du site web et \u00e0 analyser ce qui fonctionne et ce qui doit \u00eatre am\u00e9lior\u00e9.<\/p>\n\n\n\n<h3 class=\"wp-block-heading\">Comment utilisons-nous les cookies ?<\/h3>\n\n\n\n<p>Comme la plupart des services en ligne, notre site web utilise des cookies propres et de tiers \u00e0 diverses fins. Les cookies de premi\u00e8re partie sont principalement n\u00e9cessaires au bon fonctionnement du site web et ne collectent aucune de vos informations personnelles identifiables.<\/p>\n\n\n\n<p>Les cookies tiers utilis\u00e9s sur notre site web servent principalement \u00e0 comprendre comment le site web fonctionne, comment vous interagissez avec lui, \u00e0 assurer la s\u00e9curit\u00e9 de nos services, \u00e0 vous fournir des publicit\u00e9s pertinentes et, d&rsquo;une mani\u00e8re g\u00e9n\u00e9rale, \u00e0 vous offrir une meilleure exp\u00e9rience utilisateur et \u00e0 acc\u00e9l\u00e9rer vos interactions futures avec notre site web.<\/p>\n\n\n\n<h3 class=\"wp-block-heading\">Types de cookies que nous utilisons<\/h3>\n\n\n\n<figure class=\"wp-block-table\"><table class=\"has-fixed-layout\"><tbody><tr><td>qtrans_front_language<\/td><td>rumvicc.com<\/td><td>Ce cookie est d\u00e9fini par le plugin WordPress qTranslate. Le cookie est utilis\u00e9 pour g\u00e9rer la langue pr\u00e9f\u00e9r\u00e9e du visiteur.<\/td><td>1 an<\/td><td>N\u00e9cessaire<\/td><\/tr><tr><td>GRECAPTCHA<\/td><td>www.google.com<\/td><td>Ce cookie est mis en place par le service Google recaptcha pour identifier les robots afin de prot\u00e9ger le site web contre les attaques de spam malveillantes.<\/td><td>6 mois<\/td><td>N\u00e9cessaire<\/td><\/tr><tr><td>_grecaptcha<\/td><td>rumvicc.com<\/td><td><\/td><td>jamais<\/td><td>Autre<\/td><\/tr><tr><td>rc::a<\/td><td>google.com<\/td><td>Ce cookie est mis en place par le service Google recaptcha pour identifier les robots afin de prot\u00e9ger le site web contre les attaques de spam malveillantes.<\/td><td>jamais<\/td><td>N\u00e9cessaire<\/td><\/tr><tr><td>rc::f<\/td><td>google.com<\/td><td>Ce cookie est mis en place par le service Google recaptcha pour identifier les robots afin de prot\u00e9ger le site web contre les attaques de spam malveillantes.<\/td><td>jamais<\/td><td>N\u00e9cessaire<\/td><\/tr><tr><td>rc::b<\/td><td>google.com<\/td><td>Ce cookie est mis en place par le service Google recaptcha pour identifier les robots afin de prot\u00e9ger le site web contre les attaques de spam malveillantes.<\/td><td>session<\/td><td>N\u00e9cessaire<\/td><\/tr><tr><td>rc::c<\/td><td>google.com<\/td><td>Ce cookie est mis en place par le service Google recaptcha pour identifier les robots afin de prot\u00e9ger le site web contre les attaques de spam malveillantes.<\/td><td>session<\/td><td>N\u00e9cessaire<\/td><\/tr><\/tbody><\/table><\/figure>\n\n\n\n<div style=\"height:40px\" aria-hidden=\"true\" class=\"wp-block-spacer\"><\/div>\n\n\n\n<h3 class=\"wp-block-heading\">G\u00e9rer les pr\u00e9f\u00e9rences en mati\u00e8re de cookies &#8211; Param\u00e8tres des cookies<\/h3>\n\n\n\n<p>Vous pouvez modifier vos pr\u00e9f\u00e9rences en mati\u00e8re de cookies \u00e0 tout moment en cliquant sur le bouton ci-dessus. Cela vous permettra de revenir \u00e0 la banni\u00e8re de consentement aux cookies et de modifier vos pr\u00e9f\u00e9rences ou de retirer votre consentement imm\u00e9diatement.<\/p>\n\n\n\n<p>En outre, les navigateurs proposent diff\u00e9rentes m\u00e9thodes pour bloquer et supprimer les cookies utilis\u00e9s par les sites web. Vous pouvez modifier les param\u00e8tres de votre navigateur pour bloquer\/supprimer les cookies. Vous trouverez ci-dessous des liens vers des documents d&rsquo;assistance expliquant comment g\u00e9rer et supprimer les cookies dans les principaux navigateurs :<\/p>\n\n\n\n<ul class=\"wp-block-list\">\n<li>Chrome <a class=\"\" href=\"https:\/\/support.google.com\/accounts\/answer\/32050\">: https:\/\/support.google.com\/accounts\/answer\/32050<\/a><\/li>\n\n\n\n<li>Safari <a class=\"\" href=\"https:\/\/support.apple.com\/en-in\/guide\/safari\/sfri11471\/mac\">: https:\/\/support.apple.com\/en-in\/guide\/safari\/sfri11471\/mac<\/a><\/li>\n\n\n\n<li>Firefox <a class=\"\" href=\"https:\/\/support.mozilla.org\/en-US\/kb\/clear-cookies-and-site-data-firefox\">: https:\/\/support.mozilla.org\/en-US\/kb\/clear-cookies-and-site-data-firefox<\/a><\/li>\n\n\n\n<li>Internet Explorer <a class=\"\" href=\"https:\/\/support.microsoft.com\/en-us\/topic\/how-to-delete-cookie-files-in-internet-explorer-bca9446f-d873-78de-77ba-d42645fa52fc\">: https:\/\/support.microsoft.com\/en-us\/topic\/how-to-delete-cookie-files-in-internet-explorer-bca9446f-d873-78de-77ba-d42645fa52fc<\/a><\/li>\n<\/ul>\n\n\n\n<p>Si vous utilisez un autre navigateur web, veuillez consulter la documentation officielle du navigateur.<\/p>\n<\/div><\/div>\n\n<p><\/p>\n","protected":false},"excerpt":{"rendered":"<p>Politique en mati\u00e8re de cookies Date d&rsquo;entr\u00e9e en vigueur : 28 mai 2025Derni\u00e8re mise \u00e0 jour : 28 mai 2025 Qu&rsquo;est-ce qu&rsquo;un biscuit ? La pr\u00e9sente politique en mati\u00e8re de cookies explique ce que sont les cookies et comment nous les utilisons, les types de cookies que nous utilisons, c&rsquo;est-\u00e0-dire les informations que nous collectons [&hellip;]<\/p>\n","protected":false},"author":1,"featured_media":0,"parent":0,"menu_order":0,"comment_status":"closed","ping_status":"closed","template":"","meta":{"inline_featured_image":false,"footnotes":""},"class_list":["post-370","page","type-page","status-publish","hentry"],"_links":{"self":[{"href":"https:\/\/moldesdeinyecciondeplastico.com\/fr\/wp-json\/wp\/v2\/pages\/370","targetHints":{"allow":["GET"]}}],"collection":[{"href":"https:\/\/moldesdeinyecciondeplastico.com\/fr\/wp-json\/wp\/v2\/pages"}],"about":[{"href":"https:\/\/moldesdeinyecciondeplastico.com\/fr\/wp-json\/wp\/v2\/types\/page"}],"author":[{"embeddable":true,"href":"https:\/\/moldesdeinyecciondeplastico.com\/fr\/wp-json\/wp\/v2\/users\/1"}],"replies":[{"embeddable":true,"href":"https:\/\/moldesdeinyecciondeplastico.com\/fr\/wp-json\/wp\/v2\/comments?post=370"}],"version-history":[{"count":1,"href":"https:\/\/moldesdeinyecciondeplastico.com\/fr\/wp-json\/wp\/v2\/pages\/370\/revisions"}],"predecessor-version":[{"id":371,"href":"https:\/\/moldesdeinyecciondeplastico.com\/fr\/wp-json\/wp\/v2\/pages\/370\/revisions\/371"}],"wp:attachment":[{"href":"https:\/\/moldesdeinyecciondeplastico.com\/fr\/wp-json\/wp\/v2\/media?parent=370"}],"curies":[{"name":"wp","href":"https:\/\/api.w.org\/{rel}","templated":true}]}}