{"id":378,"date":"2025-06-13T15:46:39","date_gmt":"2025-06-13T13:46:39","guid":{"rendered":"https:\/\/moldesdeinyecciondeplastico.com\/entreprise\/"},"modified":"2025-07-02T11:53:08","modified_gmt":"2025-07-02T09:53:08","slug":"entreprise","status":"publish","type":"page","link":"https:\/\/moldesdeinyecciondeplastico.com\/fr\/entreprise\/","title":{"rendered":"Entreprise"},"content":{"rendered":"\n<div class=\"wp-block-cover is-light has-parallax\" style=\"min-height:80vh;aspect-ratio:unset;\"><div class=\"wp-block-cover__image-background wp-image-131 size-large has-parallax\" style=\"background-position:50% 50%;background-image:url(https:\/\/moldesdeinyecciondeplastico.com\/wp-content\/uploads\/empresa-1024x431.jpg)\"><\/div><span aria-hidden=\"true\" class=\"wp-block-cover__background has-background-dim-0 has-background-dim\" style=\"background-color:#99acc5\"><\/span><div class=\"wp-block-cover__inner-container is-layout-constrained wp-block-cover-is-layout-constrained\">\n<p class=\"has-text-align-center has-large-font-size\"><\/p>\n<\/div><\/div>\n\n<div class=\"wp-block-group info\"><div class=\"wp-block-group__inner-container is-layout-constrained wp-block-group-is-layout-constrained\">\n<h1 class=\"wp-block-heading\">Entreprise<\/h1>\n\n\n\n<p>Rumvicc est n\u00e9e en 2009 apr\u00e8s plus de 50 ans d&rsquo;exp\u00e9rience dans la fabrication de moules pour l&rsquo;injection et le soufflage de thermoplastiques.  <\/p>\n\n\n\n<p>Nous avons cr\u00e9\u00e9 cette ing\u00e9nierie dans le but de r\u00e9pondre au besoin croissant de r\u00e9duire les co\u00fbts tout en augmentant la productivit\u00e9.  <\/p>\n\n\n\n<p>Sp\u00e9cialis\u00e9s dans les moules complexes et de haute pr\u00e9cision, nous couvrons l&rsquo;ensemble du processus de conception et de d\u00e9veloppement du projet d\u00e8s le d\u00e9part.<\/p>\n\n\n\n<p>De l&rsquo;optimisation de la conception initiale de la pi\u00e8ce, au d\u00e9veloppement de solutions fiables et hautement efficaces dans la pr\u00e9paration du projet, jusqu&rsquo;au processus de fabrication du moule et \u00e0 la mise au point ult\u00e9rieure, vous disposerez toujours d&rsquo;une \u00e9quipe sp\u00e9cialis\u00e9e qui vous permettra d&rsquo;obtenir le moule dont vous avez besoin.<\/p>\n<\/div><\/div>\n","protected":false},"excerpt":{"rendered":"<p>Entreprise Rumvicc est n\u00e9e en 2009 apr\u00e8s plus de 50 ans d&rsquo;exp\u00e9rience dans la fabrication de moules pour l&rsquo;injection et le soufflage de thermoplastiques. Nous avons cr\u00e9\u00e9 cette ing\u00e9nierie dans le but de r\u00e9pondre au besoin croissant de r\u00e9duire les co\u00fbts tout en augmentant la productivit\u00e9. Sp\u00e9cialis\u00e9s dans les moules complexes et de haute pr\u00e9cision, [&hellip;]<\/p>\n","protected":false},"author":1,"featured_media":0,"parent":0,"menu_order":0,"comment_status":"closed","ping_status":"closed","template":"","meta":{"inline_featured_image":false,"footnotes":""},"class_list":["post-378","page","type-page","status-publish","hentry"],"_links":{"self":[{"href":"https:\/\/moldesdeinyecciondeplastico.com\/fr\/wp-json\/wp\/v2\/pages\/378","targetHints":{"allow":["GET"]}}],"collection":[{"href":"https:\/\/moldesdeinyecciondeplastico.com\/fr\/wp-json\/wp\/v2\/pages"}],"about":[{"href":"https:\/\/moldesdeinyecciondeplastico.com\/fr\/wp-json\/wp\/v2\/types\/page"}],"author":[{"embeddable":true,"href":"https:\/\/moldesdeinyecciondeplastico.com\/fr\/wp-json\/wp\/v2\/users\/1"}],"replies":[{"embeddable":true,"href":"https:\/\/moldesdeinyecciondeplastico.com\/fr\/wp-json\/wp\/v2\/comments?post=378"}],"version-history":[{"count":1,"href":"https:\/\/moldesdeinyecciondeplastico.com\/fr\/wp-json\/wp\/v2\/pages\/378\/revisions"}],"predecessor-version":[{"id":379,"href":"https:\/\/moldesdeinyecciondeplastico.com\/fr\/wp-json\/wp\/v2\/pages\/378\/revisions\/379"}],"wp:attachment":[{"href":"https:\/\/moldesdeinyecciondeplastico.com\/fr\/wp-json\/wp\/v2\/media?parent=378"}],"curies":[{"name":"wp","href":"https:\/\/api.w.org\/{rel}","templated":true}]}}