{"id":380,"date":"2025-06-13T15:46:55","date_gmt":"2025-06-13T13:46:55","guid":{"rendered":"https:\/\/moldesdeinyecciondeplastico.com\/services\/"},"modified":"2025-06-20T14:58:38","modified_gmt":"2025-06-20T12:58:38","slug":"services","status":"publish","type":"page","link":"https:\/\/moldesdeinyecciondeplastico.com\/fr\/services\/","title":{"rendered":"Services"},"content":{"rendered":"\n<div class=\"wp-block-cover has-parallax\" style=\"min-height:80vh;aspect-ratio:unset;\"><div class=\"wp-block-cover__image-background wp-image-168 size-large has-parallax\" style=\"background-position:50% 50%;background-image:url(https:\/\/moldesdeinyecciondeplastico.com\/wp-content\/uploads\/srevicios-1024x431.jpg)\"><\/div><span aria-hidden=\"true\" class=\"wp-block-cover__background has-background-dim-0 has-background-dim\" style=\"background-color:#394857\"><\/span><div class=\"wp-block-cover__inner-container is-layout-constrained wp-block-cover-is-layout-constrained\">\n<p class=\"has-text-align-center has-large-font-size\"><\/p>\n<\/div><\/div>\n\n<div class=\"wp-block-group info\"><div class=\"wp-block-group__inner-container is-layout-constrained wp-block-group-is-layout-constrained\">\n<figure class=\"wp-block-image size-large is-resized fija\"><img decoding=\"async\" src=\"https:\/\/moldesdeinyecciondeplastico.com\/wp-content\/uploads\/comillas.svg\" alt=\"\" class=\"wp-image-154\" style=\"width:300px\"\/><\/figure>\n\n\n\n<h1 class=\"wp-block-heading\">Services et qualit\u00e9<\/h1>\n\n\n\n<p>Nous voulons fournir le meilleur service possible.  <\/p>\n\n\n\n<p>Au sein de notre \u00e9quipe technique, vous trouverez des techniciens dot\u00e9s d&rsquo;une exp\u00e9rience et d&rsquo;une solvabilit\u00e9 \u00e9prouv\u00e9es qui vous aideront \u00e0 trouver la meilleure solution possible \u00e0 tout besoin que vous pourriez avoir.  <\/p>\n\n\n\n<p>Dans cette optique, l&rsquo;un des avantages que vous obtiendrez dans notre entreprise est l&rsquo;optimisation, par notre \u00e9quipe technique, de tous les facteurs qui interviennent dans un moule (conception, m\u00e9canismes, standardisation, etc.) afin de minimiser le co\u00fbt et de maximiser la productivit\u00e9.  <\/p>\n\n\n\n<p>Tout cela sans jamais compromettre la qualit\u00e9 du produit final, qui est notre priorit\u00e9 et notre marque de fabrique.<\/p>\n\n\n\n<div style=\"height:200px\" aria-hidden=\"true\" class=\"wp-block-spacer\"><\/div>\n\n\n\n<h2 class=\"wp-block-heading\">Conception du moule<\/h2>\n\n\n\n<p>Pour donner forme \u00e0 vos id\u00e9es, Rumvicc peut structurer un projet avanc\u00e9, caract\u00e9ris\u00e9 par les meilleures technologies et les derni\u00e8res innovations techniques.<\/p>\n\n\n\n<p>Nous concevons des moules sur mesure, adapt\u00e9s aux besoins de chaque pi\u00e8ce et de chaque processus de production.  <\/p>\n\n\n\n<p>Gr\u00e2ce \u00e0 une technologie de pointe et \u00e0 des ann\u00e9es d&rsquo;exp\u00e9rience, nous proposons des solutions pr\u00e9cises, durables et efficaces pour l&rsquo;industrie des mati\u00e8res plastiques.<\/p>\n\n\n\n<p>L&rsquo;exp\u00e9rience et la qualit\u00e9 de l&rsquo;\u00e9quipe de conception, ainsi que l&rsquo;utilisation de logiciels avanc\u00e9s, nous permettent de superviser chaque \u00e9tape du processus de conception.  <\/p>\n\n\n\n<p>Rumvicc recherche un dialogue permanent avec ses clients afin de r\u00e9pondre aux besoins de leurs projets et d&rsquo;\u00eatre en mesure de trouver la meilleure solution.<\/p>\n\n\n\n<div style=\"height:200px\" aria-hidden=\"true\" class=\"wp-block-spacer\"><\/div>\n\n\n\n<h2 class=\"wp-block-heading\">Normalisation et m\u00e9canismes<\/h2>\n\n\n\n<p>Des m\u00e9canismes standardis\u00e9s et de haute qualit\u00e9 sont int\u00e9gr\u00e9s dans nos moules afin de garantir des performances optimales, une production stable et une maintenance ais\u00e9e.<\/p>\n\n\n\n<p>Nous travaillons avec des composants qui r\u00e9pondent aux normes de qualit\u00e9 les plus \u00e9lev\u00e9es et des solutions personnalis\u00e9es pour s&rsquo;adapter \u00e0 chaque projet.<\/p>\n\n\n\n<p>Les normes et les m\u00e9canismes sont des \u00e9l\u00e9ments essentiels dans la construction de moules de haute qualit\u00e9.<\/p>\n\n\n\n<p>Ils permettent au moule de fonctionner de mani\u00e8re pr\u00e9cise, fiable et s\u00fbre tout au long du processus de production.<\/p>\n\n\n\n<div style=\"height:200px\" aria-hidden=\"true\" class=\"wp-block-spacer\"><\/div>\n\n\n\n<h2 class=\"wp-block-heading\">Entretien des moules<\/h2>\n\n\n\n<p>Chez Rumvicc, nous comprenons les besoins de production de nos clients une fois le projet termin\u00e9 et nous continuons \u00e0 les aider \u00e0 assurer le bon fonctionnement de leurs moules.<\/p>\n\n\n\n<p>Nous disposons d&rsquo;un service d&rsquo;entretien des moules afin qu&rsquo;ils fonctionnent toujours au maximum de leurs performances.<br\/>Pour \u00e9viter les arr\u00eats de production.<\/p>\n\n\n\n<div style=\"height:200px\" aria-hidden=\"true\" class=\"wp-block-spacer\"><\/div>\n\n\n\n<h2 class=\"wp-block-heading\">Modification et r\u00e9paration de moules<\/h2>\n\n\n\n<p>Chez Rumvicc, nous mettons en \u0153uvre toutes nos connaissances pour r\u00e9parer et modifier les moules, afin qu&rsquo;ils retrouvent tout leur potentiel de production.<\/p>\n\n\n\n<p>Nous apportons des modifications pour am\u00e9liorer les moules avec les derni\u00e8res technologies et les moules standardis\u00e9s ou m\u00e9canis\u00e9s de la plus haute qualit\u00e9.<\/p>\n\n\n\n<div style=\"height:100px\" aria-hidden=\"true\" class=\"wp-block-spacer\"><\/div>\n<\/div><\/div>\n","protected":false},"excerpt":{"rendered":"<p>Services et qualit\u00e9 Nous voulons fournir le meilleur service possible. Au sein de notre \u00e9quipe technique, vous trouverez des techniciens dot\u00e9s d&rsquo;une exp\u00e9rience et d&rsquo;une solvabilit\u00e9 \u00e9prouv\u00e9es qui vous aideront \u00e0 trouver la meilleure solution possible \u00e0 tout besoin que vous pourriez avoir. Dans cette optique, l&rsquo;un des avantages que vous obtiendrez dans notre entreprise [&hellip;]<\/p>\n","protected":false},"author":1,"featured_media":0,"parent":0,"menu_order":0,"comment_status":"closed","ping_status":"closed","template":"","meta":{"inline_featured_image":false,"footnotes":""},"class_list":["post-380","page","type-page","status-publish","hentry"],"_links":{"self":[{"href":"https:\/\/moldesdeinyecciondeplastico.com\/fr\/wp-json\/wp\/v2\/pages\/380","targetHints":{"allow":["GET"]}}],"collection":[{"href":"https:\/\/moldesdeinyecciondeplastico.com\/fr\/wp-json\/wp\/v2\/pages"}],"about":[{"href":"https:\/\/moldesdeinyecciondeplastico.com\/fr\/wp-json\/wp\/v2\/types\/page"}],"author":[{"embeddable":true,"href":"https:\/\/moldesdeinyecciondeplastico.com\/fr\/wp-json\/wp\/v2\/users\/1"}],"replies":[{"embeddable":true,"href":"https:\/\/moldesdeinyecciondeplastico.com\/fr\/wp-json\/wp\/v2\/comments?post=380"}],"version-history":[{"count":1,"href":"https:\/\/moldesdeinyecciondeplastico.com\/fr\/wp-json\/wp\/v2\/pages\/380\/revisions"}],"predecessor-version":[{"id":381,"href":"https:\/\/moldesdeinyecciondeplastico.com\/fr\/wp-json\/wp\/v2\/pages\/380\/revisions\/381"}],"wp:attachment":[{"href":"https:\/\/moldesdeinyecciondeplastico.com\/fr\/wp-json\/wp\/v2\/media?parent=380"}],"curies":[{"name":"wp","href":"https:\/\/api.w.org\/{rel}","templated":true}]}}